{"id":96,"date":"2024-07-17T20:00:11","date_gmt":"2024-07-17T17:00:11","guid":{"rendered":"https:\/\/tosyaplastik.com\/?post_type=product&#038;p=96"},"modified":"2026-01-24T21:16:20","modified_gmt":"2026-01-24T18:16:20","slug":"gecmeli-kasa","status":"publish","type":"product","link":"https:\/\/tosyaplastik.com\/?product=gecmeli-kasa","title":{"rendered":"YEN\u0130 NES\u0130L YEN\u0130 T\u0130P POL\u0130ET\u0130LEN GE\u00c7MEL\u0130 KASALAR"},"content":{"rendered":"","protected":false},"excerpt":{"rendered":"","protected":false},"featured_media":1280,"comment_status":"open","ping_status":"closed","template":"","meta":[],"product_cat":[20],"product_tag":[],"class_list":{"0":"post-96","1":"product","2":"type-product","3":"status-publish","4":"has-post-thumbnail","6":"product_cat-kasa","8":"first","9":"instock","10":"sale","11":"taxable","12":"shipping-taxable","13":"purchasable","14":"product-type-variable","15":"has-default-attributes"},"jetpack_sharing_enabled":true,"_links":{"self":[{"href":"https:\/\/tosyaplastik.com\/index.php?rest_route=\/wp\/v2\/product\/96","targetHints":{"allow":["GET"]}}],"collection":[{"href":"https:\/\/tosyaplastik.com\/index.php?rest_route=\/wp\/v2\/product"}],"about":[{"href":"https:\/\/tosyaplastik.com\/index.php?rest_route=\/wp\/v2\/types\/product"}],"replies":[{"embeddable":true,"href":"https:\/\/tosyaplastik.com\/index.php?rest_route=%2Fwp%2Fv2%2Fcomments&post=96"}],"wp:featuredmedia":[{"embeddable":true,"href":"https:\/\/tosyaplastik.com\/index.php?rest_route=\/wp\/v2\/media\/1280"}],"wp:attachment":[{"href":"https:\/\/tosyaplastik.com\/index.php?rest_route=%2Fwp%2Fv2%2Fmedia&parent=96"}],"wp:term":[{"taxonomy":"product_cat","embeddable":true,"href":"https:\/\/tosyaplastik.com\/index.php?rest_route=%2Fwp%2Fv2%2Fproduct_cat&post=96"},{"taxonomy":"product_tag","embeddable":true,"href":"https:\/\/tosyaplastik.com\/index.php?rest_route=%2Fwp%2Fv2%2Fproduct_tag&post=96"}],"curies":[{"name":"wp","href":"https:\/\/api.w.org\/{rel}","templated":true}]}}