{"id":2034,"date":"2026-04-20T11:57:11","date_gmt":"2026-04-20T08:57:11","guid":{"rendered":"https:\/\/tosyaplastik.com\/?post_type=product&#038;p=2034"},"modified":"2026-04-21T15:23:47","modified_gmt":"2026-04-21T12:23:47","slug":"siyah-renkli-yeni-nesil-gecmeli-kasa","status":"publish","type":"product","link":"https:\/\/tosyaplastik.com\/?product=siyah-renkli-yeni-nesil-gecmeli-kasa","title":{"rendered":"S\u0130YAH RENKL\u0130 YEN\u0130 NES\u0130L GE\u00c7MEL\u0130 KASA"},"content":{"rendered":"<h1><\/h1>\n<h1><strong>S\u0130YAH RENKL\u0130 GE\u00c7MEL\u0130 KASALARIMIZDA BAHAR KAMPANYAMIZA\u00a0 \u00a0S\u00dcPER F\u0130YATLAR \u0130LE DEVAM<\/strong><\/h1>\n","protected":false},"excerpt":{"rendered":"<p><strong>S\u0130YAH RENK ENJEKS\u0130YONLUK MOPLEN HAMMADDEDEN \u00dcRET\u0130LME<\/strong><\/p>\n<p><strong>1 ADED\u0130 :&#8230;&#8230;&#8230;&#8230;&#8230; 28 GR.<\/strong><\/p>\n<p><strong>1 PAKET\u0130&#8230;&#8230;&#8230;&#8230;\u00a0 \u00a0 \u00a0330 AD<\/strong><\/p>\n<p><strong>ANLA\u015eMALI KARGOLAR \u0130LE T\u00dcRK\u0130YE GENEL\u0130NE ADRESE TESL\u0130M SEVK\u0130YATLARIMIZ VARDIR<\/strong>:<\/p>\n","protected":false},"featured_media":1262,"comment_status":"open","ping_status":"closed","template":"","meta":[],"product_cat":[20],"product_tag":[],"class_list":{"0":"post-2034","1":"product","2":"type-product","3":"status-publish","4":"has-post-thumbnail","6":"product_cat-kasa","8":"first","9":"instock","10":"sale","11":"taxable","12":"shipping-taxable","13":"purchasable","14":"product-type-simple"},"jetpack_sharing_enabled":true,"_links":{"self":[{"href":"https:\/\/tosyaplastik.com\/index.php?rest_route=\/wp\/v2\/product\/2034","targetHints":{"allow":["GET"]}}],"collection":[{"href":"https:\/\/tosyaplastik.com\/index.php?rest_route=\/wp\/v2\/product"}],"about":[{"href":"https:\/\/tosyaplastik.com\/index.php?rest_route=\/wp\/v2\/types\/product"}],"replies":[{"embeddable":true,"href":"https:\/\/tosyaplastik.com\/index.php?rest_route=%2Fwp%2Fv2%2Fcomments&post=2034"}],"wp:featuredmedia":[{"embeddable":true,"href":"https:\/\/tosyaplastik.com\/index.php?rest_route=\/wp\/v2\/media\/1262"}],"wp:attachment":[{"href":"https:\/\/tosyaplastik.com\/index.php?rest_route=%2Fwp%2Fv2%2Fmedia&parent=2034"}],"wp:term":[{"taxonomy":"product_cat","embeddable":true,"href":"https:\/\/tosyaplastik.com\/index.php?rest_route=%2Fwp%2Fv2%2Fproduct_cat&post=2034"},{"taxonomy":"product_tag","embeddable":true,"href":"https:\/\/tosyaplastik.com\/index.php?rest_route=%2Fwp%2Fv2%2Fproduct_tag&post=2034"}],"curies":[{"name":"wp","href":"https:\/\/api.w.org\/{rel}","templated":true}]}}