{"id":187,"date":"2024-07-23T23:32:16","date_gmt":"2024-07-23T20:32:16","guid":{"rendered":"https:\/\/tosyaplastik.com\/?post_type=product&#038;p=187"},"modified":"2026-01-24T21:36:18","modified_gmt":"2026-01-24T18:36:18","slug":"renkli-kangal-boru-serisi","status":"publish","type":"product","link":"https:\/\/tosyaplastik.com\/?product=renkli-kangal-boru-serisi","title":{"rendered":"RENKL\u0130 POL\u0130ET\u0130LEN KANGAL BORU SER\u0130S\u0130"},"content":{"rendered":"","protected":false},"excerpt":{"rendered":"","protected":false},"featured_media":1301,"comment_status":"open","ping_status":"closed","template":"","meta":[],"product_cat":[36],"product_tag":[33,31,32],"class_list":{"0":"post-187","1":"product","2":"type-product","3":"status-publish","4":"has-post-thumbnail","6":"product_cat-kangal-boru","7":"product_tag-mavi","8":"product_tag-renkli","9":"product_tag-turuncu","11":"first","12":"instock","13":"sale","14":"taxable","15":"shipping-taxable","16":"purchasable","17":"product-type-variable","18":"has-default-attributes"},"jetpack_sharing_enabled":true,"_links":{"self":[{"href":"https:\/\/tosyaplastik.com\/index.php?rest_route=\/wp\/v2\/product\/187","targetHints":{"allow":["GET"]}}],"collection":[{"href":"https:\/\/tosyaplastik.com\/index.php?rest_route=\/wp\/v2\/product"}],"about":[{"href":"https:\/\/tosyaplastik.com\/index.php?rest_route=\/wp\/v2\/types\/product"}],"replies":[{"embeddable":true,"href":"https:\/\/tosyaplastik.com\/index.php?rest_route=%2Fwp%2Fv2%2Fcomments&post=187"}],"wp:featuredmedia":[{"embeddable":true,"href":"https:\/\/tosyaplastik.com\/index.php?rest_route=\/wp\/v2\/media\/1301"}],"wp:attachment":[{"href":"https:\/\/tosyaplastik.com\/index.php?rest_route=%2Fwp%2Fv2%2Fmedia&parent=187"}],"wp:term":[{"taxonomy":"product_cat","embeddable":true,"href":"https:\/\/tosyaplastik.com\/index.php?rest_route=%2Fwp%2Fv2%2Fproduct_cat&post=187"},{"taxonomy":"product_tag","embeddable":true,"href":"https:\/\/tosyaplastik.com\/index.php?rest_route=%2Fwp%2Fv2%2Fproduct_tag&post=187"}],"curies":[{"name":"wp","href":"https:\/\/api.w.org\/{rel}","templated":true}]}}