{"id":159,"date":"2024-07-23T23:10:32","date_gmt":"2024-07-23T20:10:32","guid":{"rendered":"https:\/\/tosyaplastik.com\/?post_type=product&#038;p=159"},"modified":"2026-01-24T21:08:10","modified_gmt":"2026-01-24T18:08:10","slug":"siyah-renk-3mmlik-cubuk-boy-boru-serisi","status":"publish","type":"product","link":"https:\/\/tosyaplastik.com\/?product=siyah-renk-3mmlik-cubuk-boy-boru-serisi","title":{"rendered":"S\u0130YAH RENK POL\u0130ET\u0130LEN \u00c7UBUK BOY BORU SER\u0130S\u0130"},"content":{"rendered":"<p><strong>DI\u015e \u00c7API : 25\u00a0 MM<\/strong><br \/>\n<strong>\u0130\u00c7 \u00c7API\u00a0 \u00a0 : 23\u00a0 MM<\/strong><br \/>\n<strong>1 ADED\u0130N UZUNLU\u011eU : 3 M<\/strong><br \/>\n<strong>1 TOPU : 17 AD.<\/strong><br \/>\n<strong>1 TOPU : 51 M <\/strong><br \/>\n<strong>1 TOPUN A\u011eIRLI\u011eI : 5 KG<\/strong><\/p>\n<p><strong>NOT: ANLA\u015eMALI KARGO \u0130LE \u00d6N \u00d6DEMEL\u0130 VE KAPIDA \u00d6DEMEL\u0130 OLARAK G\u00d6NDER\u0130MLER\u0130M\u0130Z VARDIR. TOPLU ALIMLARDA AMBAR MEVCUTTUR.<\/strong><\/p>\n","protected":false},"excerpt":{"rendered":"<p>DI\u015e \u00c7API : 25\u00a0 MM \u0130\u00c7 \u00c7API\u00a0 \u00a0 : 23\u00a0 MM 1 ADED\u0130N UZUNLU\u011eU : 3 M 1 TOPU : 17 AD. 1 TOPU : 51 M 1 TOPUN A\u011eIRLI\u011eI : 5 KG NOT: ANLA\u015eMALI KARGO \u0130LE \u00d6N \u00d6DEMEL\u0130 VE KAPIDA \u00d6DEMEL\u0130 OLARAK G\u00d6NDER\u0130MLER\u0130M\u0130Z VARDIR. TOPLU ALIMLARDA AMBAR MEVCUTTUR.<\/p>\n","protected":false},"featured_media":1662,"comment_status":"open","ping_status":"closed","template":"","meta":[],"product_cat":[62],"product_tag":[27,26],"class_list":{"0":"post-159","1":"product","2":"type-product","3":"status-publish","4":"has-post-thumbnail","6":"product_cat-boy-boru","7":"product_tag-cubuk-boy-boru","8":"product_tag-siyah","10":"first","11":"instock","12":"sale","13":"taxable","14":"shipping-taxable","15":"purchasable","16":"product-type-variable","17":"has-default-attributes"},"jetpack_sharing_enabled":true,"_links":{"self":[{"href":"https:\/\/tosyaplastik.com\/index.php?rest_route=\/wp\/v2\/product\/159","targetHints":{"allow":["GET"]}}],"collection":[{"href":"https:\/\/tosyaplastik.com\/index.php?rest_route=\/wp\/v2\/product"}],"about":[{"href":"https:\/\/tosyaplastik.com\/index.php?rest_route=\/wp\/v2\/types\/product"}],"replies":[{"embeddable":true,"href":"https:\/\/tosyaplastik.com\/index.php?rest_route=%2Fwp%2Fv2%2Fcomments&post=159"}],"wp:featuredmedia":[{"embeddable":true,"href":"https:\/\/tosyaplastik.com\/index.php?rest_route=\/wp\/v2\/media\/1662"}],"wp:attachment":[{"href":"https:\/\/tosyaplastik.com\/index.php?rest_route=%2Fwp%2Fv2%2Fmedia&parent=159"}],"wp:term":[{"taxonomy":"product_cat","embeddable":true,"href":"https:\/\/tosyaplastik.com\/index.php?rest_route=%2Fwp%2Fv2%2Fproduct_cat&post=159"},{"taxonomy":"product_tag","embeddable":true,"href":"https:\/\/tosyaplastik.com\/index.php?rest_route=%2Fwp%2Fv2%2Fproduct_tag&post=159"}],"curies":[{"name":"wp","href":"https:\/\/api.w.org\/{rel}","templated":true}]}}