{"id":101,"date":"2024-07-17T20:02:30","date_gmt":"2024-07-17T17:02:30","guid":{"rendered":"https:\/\/tosyaplastik.com\/?post_type=product&#038;p=101"},"modified":"2026-01-24T21:12:17","modified_gmt":"2026-01-24T18:12:17","slug":"norm-buat","status":"publish","type":"product","link":"https:\/\/tosyaplastik.com\/?product=norm-buat","title":{"rendered":"F2 POL\u0130ET\u0130LEN KAU\u00c7UK  BUAT SER\u0130S\u0130"},"content":{"rendered":"<p>\u0130\u00c7 \u00c7API :\u00a0 \u00a0 \u00a0 \u00a0 \u00a0 \u00a0 \u00a0 \u00a070 MM<\/p>\n<p>\u0130\u00c7 DER\u0130NL\u0130K :\u00a0 \u00a0 40 MM<\/p>\n<p>1 ADET :\u00a0 \u00a0 \u00a0 \u00a0 \u00a0 \u00a0 \u00a0 \u00a0 32 GR ( KAPAKSIZ G\u00d6VDES\u0130 )<\/p>\n<p>\u00dc\u00c7L\u00dc VE D\u00d6RTL\u00dc G\u00d6ZLER\u0130N DEL\u0130K \u00c7APLARI : 16 MM<\/p>\n<p>YAN \u0130K\u0130L\u0130 G\u00d6ZLER\u0130N :<\/p>\n<ol>\n<li>DEL\u0130K \u00c7API : 18 MM<\/li>\n<li>DEL\u0130K \u00c7API 16-18 MM<\/li>\n<\/ol>\n<p>NOT : YUMU\u015eAK OLUP KIRILMA, YARILMA, \u00c7ATLAMA YAPMAZ. PO\u015eETL\u0130K HAMMADDEDEN \u00dcRET\u0130LM\u0130\u015eT\u0130R.<\/p>\n<p>&nbsp;<\/p>\n<p>G\u00d6NDER\u0130M : ANLA\u015eMALI KARGO \u0130LE \u00d6N \u00d6DEMEL\u0130 VE KAPIDA \u00d6DEMEL\u0130 G\u00d6NDER\u0130MLER\u0130M\u0130Z VARDIR. TOPLU ALIMLARDA AMBAR MEVCUTTUR.<\/p>\n","protected":false},"excerpt":{"rendered":"<p>\u0130\u00c7 \u00c7API :\u00a0 \u00a0 \u00a0 \u00a0 \u00a0 \u00a0 \u00a0 \u00a070 MM \u0130\u00c7 DER\u0130NL\u0130K :\u00a0 \u00a0 40 MM 1 ADET :\u00a0 \u00a0 \u00a0 \u00a0 \u00a0 \u00a0 \u00a0 \u00a0 32 GR ( KAPAKSIZ G\u00d6VDES\u0130 ) \u00dc\u00c7L\u00dc VE D\u00d6RTL\u00dc G\u00d6ZLER\u0130N DEL\u0130K \u00c7APLARI : 16 MM YAN \u0130K\u0130L\u0130 G\u00d6ZLER\u0130N : DEL\u0130K \u00c7API : 18 MM DEL\u0130K \u00c7API 16-18 MM [&hellip;]<\/p>\n","protected":false},"featured_media":1266,"comment_status":"open","ping_status":"closed","template":"","meta":[],"product_cat":[43],"product_tag":[44,26],"class_list":{"0":"post-101","1":"product","2":"type-product","3":"status-publish","4":"has-post-thumbnail","6":"product_cat-buat","7":"product_tag-kaucuk","8":"product_tag-siyah","10":"first","11":"instock","12":"sale","13":"taxable","14":"shipping-taxable","15":"purchasable","16":"product-type-variable","17":"has-default-attributes"},"jetpack_sharing_enabled":true,"_links":{"self":[{"href":"https:\/\/tosyaplastik.com\/index.php?rest_route=\/wp\/v2\/product\/101","targetHints":{"allow":["GET"]}}],"collection":[{"href":"https:\/\/tosyaplastik.com\/index.php?rest_route=\/wp\/v2\/product"}],"about":[{"href":"https:\/\/tosyaplastik.com\/index.php?rest_route=\/wp\/v2\/types\/product"}],"replies":[{"embeddable":true,"href":"https:\/\/tosyaplastik.com\/index.php?rest_route=%2Fwp%2Fv2%2Fcomments&post=101"}],"wp:featuredmedia":[{"embeddable":true,"href":"https:\/\/tosyaplastik.com\/index.php?rest_route=\/wp\/v2\/media\/1266"}],"wp:attachment":[{"href":"https:\/\/tosyaplastik.com\/index.php?rest_route=%2Fwp%2Fv2%2Fmedia&parent=101"}],"wp:term":[{"taxonomy":"product_cat","embeddable":true,"href":"https:\/\/tosyaplastik.com\/index.php?rest_route=%2Fwp%2Fv2%2Fproduct_cat&post=101"},{"taxonomy":"product_tag","embeddable":true,"href":"https:\/\/tosyaplastik.com\/index.php?rest_route=%2Fwp%2Fv2%2Fproduct_tag&post=101"}],"curies":[{"name":"wp","href":"https:\/\/api.w.org\/{rel}","templated":true}]}}