{"id":1641,"date":"2024-08-23T11:38:14","date_gmt":"2024-08-23T08:38:14","guid":{"rendered":"https:\/\/tosyaplastik.com\/?page_id=1641"},"modified":"2024-08-23T11:56:29","modified_gmt":"2024-08-23T08:56:29","slug":"kangal-boru","status":"publish","type":"page","link":"https:\/\/tosyaplastik.com\/?page_id=1641","title":{"rendered":"Kangal Boru"},"content":{"rendered":"\t\t<div data-elementor-type=\"wp-page\" data-elementor-id=\"1641\" class=\"elementor elementor-1641\">\n\t\t\t\t<div class=\"elementor-element elementor-element-43b9776 e-flex e-con-boxed e-con e-parent\" data-id=\"43b9776\" data-element_type=\"container\">\n\t\t\t\t\t<div class=\"e-con-inner\">\n\t\t\t\t<div class=\"elementor-element elementor-element-562cfcd elementor-widget elementor-widget-heading\" data-id=\"562cfcd\" data-element_type=\"widget\" data-widget_type=\"heading.default\">\n\t\t\t\t<div class=\"elementor-widget-container\">\n\t\t\t\t\t<h3 class=\"elementor-heading-title elementor-size-default\"><a href=\"https:\/\/tosyaplastik.com\/?page_id=1641\">Kangal Borular<\/a><\/h3>\t\t\t\t<\/div>\n\t\t\t\t<\/div>\n\t\t\t\t\t<\/div>\n\t\t\t\t<\/div>\n\t\t<div class=\"elementor-element elementor-element-668498f e-flex e-con-boxed e-con e-parent\" data-id=\"668498f\" data-element_type=\"container\">\n\t\t\t\t\t<div class=\"e-con-inner\">\n\t\t\t\t<div class=\"elementor-element elementor-element-5d9e11c elementor-widget elementor-widget-woolentor-universal-product\" data-id=\"5d9e11c\" data-element_type=\"widget\" data-widget_type=\"woolentor-universal-product.default\">\n\t\t\t\t<div class=\"elementor-widget-container\">\n\t\t\t\t\t            \n                                                <div class=\"woolentor-product-same-height ht-products woocommerce ht-row\" dir=\"ltr\" data-settings=''  >\n\n                        \n                            <!--Product Start-->\n                            <div class=\"ht-product ht-col-lg-3 ht-col-md-6 ht-col-sm-6 ht-col-xs-12 mb-30 product ht-product-action-bottom ht-product-countdown-fill\">\n                                <div class=\"ht-product-inner\">\n\n                                    <div class=\"ht-product-image-wrap\">\n                                        <span class=\"ht-product-label ht-product-label-right\">\u0130ndirim!<\/span>                                        <div class=\"ht-product-image\">\n                                                                                            <a href=\"https:\/\/tosyaplastik.com\/?product=siyah-renk-kangal-boru-serisi\"> \n                                                    <img fetchpriority=\"high\" decoding=\"async\" width=\"300\" height=\"400\" src=\"https:\/\/tosyaplastik.com\/wp-content\/uploads\/2024\/07\/siyah-kangal-boru4-300x400.png\" class=\"attachment-woocommerce_thumbnail size-woocommerce_thumbnail\" alt=\"\" srcset=\"https:\/\/tosyaplastik.com\/wp-content\/uploads\/2024\/07\/siyah-kangal-boru4-300x400.png 300w, https:\/\/tosyaplastik.com\/wp-content\/uploads\/2024\/07\/siyah-kangal-boru4-500x667.png 500w, https:\/\/tosyaplastik.com\/wp-content\/uploads\/2024\/07\/siyah-kangal-boru4-225x300.png 225w, https:\/\/tosyaplastik.com\/wp-content\/uploads\/2024\/07\/siyah-kangal-boru4-768x1024.png 768w, https:\/\/tosyaplastik.com\/wp-content\/uploads\/2024\/07\/siyah-kangal-boru4-200x267.png 200w, https:\/\/tosyaplastik.com\/wp-content\/uploads\/2024\/07\/siyah-kangal-boru4.png 810w\" sizes=\"(max-width: 300px) 100vw, 300px\" \/> \n                                                <\/a>\n                                            \n                                        <\/div>\n\n                                        \n                                                                                    <div class=\"ht-product-action\">\n                                                <ul class=\"woolentor-action-btn-area woolentor-btn-text-cart\">\n                                                                                                            <li>\n                                                            <a href=\"#\" class=\"woolentorquickview\" data-product_id=\"176\" aria-label=\"S\u0130YAH RENK POL\u0130ET\u0130LEN KANGAL BORU SER\u0130S\u0130\">\n                                                                <i class=\"sli sli-magnifier\"><\/i>\n                                                                <span class=\"ht-product-action-tooltip\">Quick View<\/span>\n                                                            <\/a>\n                                                        <\/li>\n                                                                                                                                                                                                                <li class=\"woolentor-cart\"><a href=\"https:\/\/tosyaplastik.com\/?product=siyah-renk-kangal-boru-serisi\" aria-describedby=\"woocommerce_loop_add_to_cart_link_describedby_176\" data-quantity=\"1\" class=\"button product_type_variable add_to_cart_button\" data-product_id=\"176\" data-product_sku=\"\" aria-label=\"&ldquo;S\u0130YAH RENK POL\u0130ET\u0130LEN KANGAL BORU SER\u0130S\u0130&rdquo; i\u00e7in se\u00e7enekleri se\u00e7in\" rel=\"nofollow\">Se\u00e7enekler<\/a>\t<span id=\"woocommerce_loop_add_to_cart_link_describedby_176\" class=\"screen-reader-text\">\n\t\tBu \u00fcr\u00fcn\u00fcn birden fazla varyasyonu var. Se\u00e7enekler \u00fcr\u00fcn sayfas\u0131ndan se\u00e7ilebilir\t<\/span>\n<\/li>\n                                                <\/ul>\n                                            <\/div>\n                                        \n                                    <\/div>\n\n                                    <div class=\"ht-product-content\">\n                                        <div class=\"ht-product-content-inner\">\n                                            <div class=\"ht-product-categories\"><a href=\"https:\/\/tosyaplastik.com\/?product_cat=kangal-boru\">Kangal Boru<\/a><\/div>\n                                                                                        <h3 class='ht-product-title'><a href='https:\/\/tosyaplastik.com\/?product=siyah-renk-kangal-boru-serisi'>S\u0130YAH RENK POL\u0130ET\u0130LEN KANGAL BORU SER\u0130S\u0130<\/a><\/h3>                                                                                                                                    <div class=\"ht-product-price\">\n\t<span class=\"price\"> <span class=\"sale-price\"><del aria-hidden=\"true\"><span class=\"woocommerce-Price-amount amount\"><bdi><span class=\"woocommerce-Price-currencySymbol\">&#8378;<\/span>8,50<\/bdi><\/span><\/del> <span class=\"screen-reader-text\">Orijinal fiyat: &#8378;8,50.<\/span><ins aria-hidden=\"true\"><span class=\"woocommerce-Price-amount amount\"><bdi><span class=\"woocommerce-Price-currencySymbol\">&#8378;<\/span>4,25<\/bdi><\/span><\/ins><span class=\"screen-reader-text\">\u015eu andaki fiyat: &#8378;4,25.<\/span><\/span><\/span>\n<\/div>\n                                                                                        <div class=\"ht-product-ratting-wrap\">                <div class=\"top-rated-rating\">\n                    <span class=\"ht-product-ratting\">\n                        <span class=\"ht-product-user-ratting\">\n                            <i class=\"fas fa-star\"><\/i><i class=\"fas fa-star\"><\/i><i class=\"fas fa-star\"><\/i><i class=\"fas fa-star\"><\/i><i class=\"far fa-star empty\"><\/i>                        <\/span>\n                    <\/span>\n                <\/div>\n                 <\/div>\n\n                                                                                    <\/div>\n                                                                            <\/div>\n\n                                <\/div>\n                            <\/div>\n                            <!--Product End-->\n\n                        \n                            <!--Product Start-->\n                            <div class=\"ht-product ht-col-lg-3 ht-col-md-6 ht-col-sm-6 ht-col-xs-12 mb-30 product ht-product-action-bottom ht-product-countdown-fill\">\n                                <div class=\"ht-product-inner\">\n\n                                    <div class=\"ht-product-image-wrap\">\n                                        <span class=\"ht-product-label ht-product-label-right\">\u0130ndirim!<\/span>                                        <div class=\"ht-product-image\">\n                                                                                            <a href=\"https:\/\/tosyaplastik.com\/?product=renkli-kangal-boru-serisi\"> \n                                                    <img decoding=\"async\" width=\"300\" height=\"400\" src=\"https:\/\/tosyaplastik.com\/wp-content\/uploads\/2024\/07\/turuncu-kangal-boru2-300x400.png\" class=\"attachment-woocommerce_thumbnail size-woocommerce_thumbnail\" alt=\"\" srcset=\"https:\/\/tosyaplastik.com\/wp-content\/uploads\/2024\/07\/turuncu-kangal-boru2-300x400.png 300w, https:\/\/tosyaplastik.com\/wp-content\/uploads\/2024\/07\/turuncu-kangal-boru2-500x667.png 500w, https:\/\/tosyaplastik.com\/wp-content\/uploads\/2024\/07\/turuncu-kangal-boru2-225x300.png 225w, https:\/\/tosyaplastik.com\/wp-content\/uploads\/2024\/07\/turuncu-kangal-boru2-768x1024.png 768w, https:\/\/tosyaplastik.com\/wp-content\/uploads\/2024\/07\/turuncu-kangal-boru2-200x267.png 200w, https:\/\/tosyaplastik.com\/wp-content\/uploads\/2024\/07\/turuncu-kangal-boru2.png 810w\" sizes=\"(max-width: 300px) 100vw, 300px\" \/> \n                                                <\/a>\n                                            \n                                        <\/div>\n\n                                        \n                                                                                    <div class=\"ht-product-action\">\n                                                <ul class=\"woolentor-action-btn-area woolentor-btn-text-cart\">\n                                                                                                            <li>\n                                                            <a href=\"#\" class=\"woolentorquickview\" data-product_id=\"187\" aria-label=\"RENKL\u0130 POL\u0130ET\u0130LEN KANGAL BORU SER\u0130S\u0130\">\n                                                                <i class=\"sli sli-magnifier\"><\/i>\n                                                                <span class=\"ht-product-action-tooltip\">Quick View<\/span>\n                                                            <\/a>\n                                                        <\/li>\n                                                                                                                                                                                                                <li class=\"woolentor-cart\"><a href=\"https:\/\/tosyaplastik.com\/?product=renkli-kangal-boru-serisi\" aria-describedby=\"woocommerce_loop_add_to_cart_link_describedby_187\" data-quantity=\"1\" class=\"button product_type_variable add_to_cart_button\" data-product_id=\"187\" data-product_sku=\"\" aria-label=\"&ldquo;RENKL\u0130 POL\u0130ET\u0130LEN KANGAL BORU SER\u0130S\u0130&rdquo; i\u00e7in se\u00e7enekleri se\u00e7in\" rel=\"nofollow\">Se\u00e7enekler<\/a>\t<span id=\"woocommerce_loop_add_to_cart_link_describedby_187\" class=\"screen-reader-text\">\n\t\tBu \u00fcr\u00fcn\u00fcn birden fazla varyasyonu var. Se\u00e7enekler \u00fcr\u00fcn sayfas\u0131ndan se\u00e7ilebilir\t<\/span>\n<\/li>\n                                                <\/ul>\n                                            <\/div>\n                                        \n                                    <\/div>\n\n                                    <div class=\"ht-product-content\">\n                                        <div class=\"ht-product-content-inner\">\n                                            <div class=\"ht-product-categories\"><a href=\"https:\/\/tosyaplastik.com\/?product_cat=kangal-boru\">Kangal Boru<\/a><\/div>\n                                                                                        <h3 class='ht-product-title'><a href='https:\/\/tosyaplastik.com\/?product=renkli-kangal-boru-serisi'>RENKL\u0130 POL\u0130ET\u0130LEN KANGAL BORU SER\u0130S\u0130<\/a><\/h3>                                                                                                                                    <div class=\"ht-product-price\">\n\t<span class=\"price\"> <span class=\"sale-price\"><del aria-hidden=\"true\"><span class=\"woocommerce-Price-amount amount\"><bdi><span class=\"woocommerce-Price-currencySymbol\">&#8378;<\/span>9,20<\/bdi><\/span><\/del> <span class=\"screen-reader-text\">Orijinal fiyat: &#8378;9,20.<\/span><ins aria-hidden=\"true\"><span class=\"woocommerce-Price-amount amount\"><bdi><span class=\"woocommerce-Price-currencySymbol\">&#8378;<\/span>4,60<\/bdi><\/span><\/ins><span class=\"screen-reader-text\">\u015eu andaki fiyat: &#8378;4,60.<\/span><\/span><\/span>\n<\/div>\n                                                                                        <div class=\"ht-product-ratting-wrap\"><\/div>\n\n                                                                                    <\/div>\n                                                                            <\/div>\n\n                                <\/div>\n                            <\/div>\n                            <!--Product End-->\n\n                                            <\/div>\n                            \n            \n        \t\t\t\t<\/div>\n\t\t\t\t<\/div>\n\t\t\t\t\t<\/div>\n\t\t\t\t<\/div>\n\t\t\t\t<\/div>\n\t\t","protected":false},"excerpt":{"rendered":"<p>Kangal Borular \u0130ndirim! Quick View Model Se\u00e7 Bu \u00fcr\u00fcn\u00fcn birden fazla varyasyonu var. Se\u00e7enekler \u00fcr\u00fcn sayfas\u0131ndan se\u00e7ilebilir Kangal Boru Siyah Renk Kangal Boru Serisi &#8378;640,00 Orijinal fiyat: &#8378;640,00.&#8378;320,00\u015eu andaki fiyat: &#8378;320,00. \u0130ndirim! Quick View Model Se\u00e7 Bu \u00fcr\u00fcn\u00fcn birden fazla varyasyonu var. Se\u00e7enekler \u00fcr\u00fcn sayfas\u0131ndan se\u00e7ilebilir Kangal Boru Renkli Kangal Boru Serisi &#8378;680,00 Orijinal fiyat: [&hellip;]<\/p>\n","protected":false},"author":1,"featured_media":0,"parent":0,"menu_order":0,"comment_status":"closed","ping_status":"closed","template":"","meta":{"footnotes":""},"class_list":["post-1641","page","type-page","status-publish","hentry"],"blocksy_meta":[],"jetpack_sharing_enabled":true,"_links":{"self":[{"href":"https:\/\/tosyaplastik.com\/index.php?rest_route=\/wp\/v2\/pages\/1641","targetHints":{"allow":["GET"]}}],"collection":[{"href":"https:\/\/tosyaplastik.com\/index.php?rest_route=\/wp\/v2\/pages"}],"about":[{"href":"https:\/\/tosyaplastik.com\/index.php?rest_route=\/wp\/v2\/types\/page"}],"author":[{"embeddable":true,"href":"https:\/\/tosyaplastik.com\/index.php?rest_route=\/wp\/v2\/users\/1"}],"replies":[{"embeddable":true,"href":"https:\/\/tosyaplastik.com\/index.php?rest_route=%2Fwp%2Fv2%2Fcomments&post=1641"}],"version-history":[{"count":13,"href":"https:\/\/tosyaplastik.com\/index.php?rest_route=\/wp\/v2\/pages\/1641\/revisions"}],"predecessor-version":[{"id":1666,"href":"https:\/\/tosyaplastik.com\/index.php?rest_route=\/wp\/v2\/pages\/1641\/revisions\/1666"}],"wp:attachment":[{"href":"https:\/\/tosyaplastik.com\/index.php?rest_route=%2Fwp%2Fv2%2Fmedia&parent=1641"}],"curies":[{"name":"wp","href":"https:\/\/api.w.org\/{rel}","templated":true}]}}