{"id":1501,"date":"2024-08-10T16:26:50","date_gmt":"2024-08-10T13:26:50","guid":{"rendered":"https:\/\/tosyaplastik.com\/?page_id=1501"},"modified":"2024-08-13T11:20:26","modified_gmt":"2024-08-13T08:20:26","slug":"satis-sozlesmesi","status":"publish","type":"page","link":"https:\/\/tosyaplastik.com\/?page_id=1501","title":{"rendered":"Sat\u0131\u015f S\u00f6zle\u015fmesi"},"content":{"rendered":"\t\t<div data-elementor-type=\"wp-page\" data-elementor-id=\"1501\" class=\"elementor elementor-1501\">\n\t\t\t\t<div class=\"elementor-element elementor-element-5136ae9 e-flex e-con-boxed e-con e-parent\" data-id=\"5136ae9\" data-element_type=\"container\">\n\t\t\t\t\t<div class=\"e-con-inner\">\n\t\t\t\t<div class=\"elementor-element elementor-element-fc43183 elementor-widget elementor-widget-heading\" data-id=\"fc43183\" data-element_type=\"widget\" data-widget_type=\"heading.default\">\n\t\t\t\t<div class=\"elementor-widget-container\">\n\t\t\t\t\t<h2 class=\"elementor-heading-title elementor-size-default\">Sat\u0131\u015f S\u00f6zle\u015fmesi<\/h2>\t\t\t\t<\/div>\n\t\t\t\t<\/div>\n\t\t\t\t\t<\/div>\n\t\t\t\t<\/div>\n\t\t<div class=\"elementor-element elementor-element-d808f4e e-flex e-con-boxed e-con e-parent\" data-id=\"d808f4e\" data-element_type=\"container\">\n\t\t\t\t\t<div class=\"e-con-inner\">\n\t\t\t\t<div class=\"elementor-element elementor-element-bca4133 elementor-widget elementor-widget-text-editor\" data-id=\"bca4133\" data-element_type=\"widget\" data-widget_type=\"text-editor.default\">\n\t\t\t\t<div class=\"elementor-widget-container\">\n\t\t\t\t\t\t\t\t\t<p><strong>Geri \u00d6deme ve \u0130ade Politikas\u0131<\/strong><\/p>\n<p>\u0130ade ve geri \u00f6deme politikam\u0131z 30 g\u00fcnd\u00fcr. E\u011fer sat\u0131n alma i\u015fleminizden 30 g\u00fcn ge\u00e7mi\u015fse, size tam bir geri \u00f6deme veya de\u011fi\u015fim yapamay\u0131z.<\/p>\n<p>Bir iade i\u00e7in uygun olabilmeniz i\u00e7in \u00fcr\u00fcn\u00fcn\u00fcz kullan\u0131lmam\u0131\u015f ve ald\u0131\u011f\u0131n\u0131z durumu ile ayn\u0131 durumda olmal\u0131d\u0131r. Ayr\u0131ca, orijinal ambalaj\u0131nda olmal\u0131d\u0131r.<\/p>\n<p>\u0130adenizi tamamlamak i\u00e7in bir makbuz veya sat\u0131n alma kan\u0131t\u0131 gereklidir.<\/p>\n<p>L\u00fctfen sat\u0131n ald\u0131\u011f\u0131n\u0131z \u00fcr\u00fcn\u00fc \u00fcreticiye geri g\u00f6ndermeyin<\/p>\n<p><strong>Geri \u00d6demeler<\/strong><\/p>\n<p>\u0130adeniz al\u0131n\u0131p incelendikten sonra, size iade edilen \u00fcr\u00fcn\u00fcn\u00fcz\u00fc ald\u0131\u011f\u0131m\u0131za dair bir e-posta g\u00f6nderece\u011fiz. Ayr\u0131ca, geri \u00f6demenizin onayland\u0131\u011f\u0131n\u0131 veya reddedildi\u011fini bildirece\u011fiz.<\/p>\n<p>Onayland\u0131\u011f\u0131nda, geri \u00f6demeniz i\u015fleme al\u0131nacak ve kredi kart\u0131n\u0131za veya orijinal \u00f6deme y\u00f6ntemine belirli bir s\u00fcre i\u00e7inde otomatik olarak uygulanacakt\u0131r.<\/p>\n<p><strong>Ge\u00e7 veya Kaybolan Geri \u00d6demeler<\/strong><\/p>\n<p>Hen\u00fcz geri \u00f6deme almad\u0131ysan\u0131z, \u00f6ncelikle banka hesab\u0131n\u0131z\u0131 tekrar kontrol edin.<\/p>\n<p>Sonra kredi kart\u0131 \u015firketinizle ileti\u015fime ge\u00e7in; geri \u00f6demenizin resmi olarak i\u015flenmesi biraz zaman alabilir.<\/p>\n<p>Sonraki ad\u0131m olarak bankan\u0131zla ileti\u015fime ge\u00e7in. Geri \u00f6demenin i\u015flenmesi genellikle bir s\u00fcre alabilir.<\/p>\n<p>T\u00fcm bunlar\u0131 yapt\u0131ktan sonra hala geri \u00f6demenizi almad\u0131ysan\u0131z, l\u00fctfen bize <em>tosyaplastik37@gmail.com<\/em> \u00fczerinden ula\u015f\u0131n.<\/p>\n<p><strong>\u0130ndirimli \u00dcr\u00fcnler<\/strong><\/p>\n<p>Yaln\u0131zca normal fiyatl\u0131 \u00fcr\u00fcnler geri \u00f6denebilir. \u0130ndirimli \u00fcr\u00fcnler geri \u00f6denemez.<\/p>\n<p><strong>De\u011fi\u015fimler<\/strong><\/p>\n<p>\u00dcr\u00fcnler yaln\u0131zca kusurlu veya hasarl\u0131 olduklar\u0131nda de\u011fi\u015ftirilir. Ayn\u0131 \u00fcr\u00fcn\u00fc de\u011fi\u015ftirmek isterseniz, bize <em>tosyaplastik@gmail.com<\/em> \u00fczerinden ula\u015f\u0131n ve \u00fcr\u00fcn\u00fcn\u00fcz\u00fc \u015fu adrese g\u00f6nderin: <em>Cumhuriyet, Metal Sanayi Cd. No:142, 37300 Tosya\/Kastamonu<\/em><\/p>\n<p><strong>\u0130ade G\u00f6nderimleri<\/strong><\/p>\n<p>\u00dcr\u00fcn\u00fcn\u00fcz\u00fc iade etmek i\u00e7in, \u00fcr\u00fcn\u00fcn\u00fcz\u00fc \u015fu adrese g\u00f6ndermelisiniz: <em>Cumhuriyet, Metal Sanayi Cd. No:142, 37300 Tosya\/Kastamonu<\/em><\/p>\n<p>\u0130adeniz i\u00e7in kendi kargo masraflar\u0131n\u0131z\u0131 \u00f6demeniz gerekecektir. Kargo masraflar\u0131 geri \u00f6denmez. E\u011fer geri \u00f6deme al\u0131rsan\u0131z, iade kargo masraflar\u0131 geri \u00f6demenizden d\u00fc\u015f\u00fclecektir.<\/p>\n<p>Ya\u015fad\u0131\u011f\u0131n\u0131z yere ba\u011fl\u0131 olarak, de\u011fi\u015ftirilen \u00fcr\u00fcn\u00fcn\u00fcz\u00fcn size ula\u015fma s\u00fcresi de\u011fi\u015febilir.<\/p>\n<p>Daha de\u011ferli \u00fcr\u00fcnleri iade ediyorsan\u0131z, takip edilebilir bir kargo hizmeti kullanmay\u0131 veya kargo sigortas\u0131 sat\u0131n almay\u0131 d\u00fc\u015f\u00fcnebilirsiniz. \u0130ade edilen \u00fcr\u00fcn\u00fcn\u00fcz\u00fc alaca\u011f\u0131m\u0131z\u0131 garanti edemeyiz.<\/p>\n<p><strong>Yard\u0131ma m\u0131 \u0130htiyac\u0131n\u0131z Var?<\/strong><\/p>\n<p>Geri \u00f6demeler ve iadelerle ilgili sorular\u0131n\u0131z i\u00e7in <em><strong>tosyaplastik37@gmail.com<\/strong><\/em> \u00fczerinden bizimle ileti\u015fime ge\u00e7ebilirsiniz.<\/p>\t\t\t\t\t\t\t\t<\/div>\n\t\t\t\t<\/div>\n\t\t\t\t\t<\/div>\n\t\t\t\t<\/div>\n\t\t\t\t<\/div>\n\t\t","protected":false},"excerpt":{"rendered":"<p>Sat\u0131\u015f S\u00f6zle\u015fmesi Geri \u00d6deme ve \u0130ade Politikas\u0131 \u0130ade ve geri \u00f6deme politikam\u0131z 30 g\u00fcnd\u00fcr. E\u011fer sat\u0131n alma i\u015fleminizden 30 g\u00fcn ge\u00e7mi\u015fse, size tam bir geri \u00f6deme veya de\u011fi\u015fim yapamay\u0131z. Bir iade i\u00e7in uygun olabilmeniz i\u00e7in \u00fcr\u00fcn\u00fcn\u00fcz kullan\u0131lmam\u0131\u015f ve ald\u0131\u011f\u0131n\u0131z durumu ile ayn\u0131 durumda olmal\u0131d\u0131r. Ayr\u0131ca, orijinal ambalaj\u0131nda olmal\u0131d\u0131r. \u0130adenizi tamamlamak i\u00e7in bir makbuz veya sat\u0131n [&hellip;]<\/p>\n","protected":false},"author":1,"featured_media":0,"parent":0,"menu_order":0,"comment_status":"closed","ping_status":"closed","template":"","meta":{"footnotes":""},"class_list":["post-1501","page","type-page","status-publish","hentry"],"blocksy_meta":[],"jetpack_sharing_enabled":true,"_links":{"self":[{"href":"https:\/\/tosyaplastik.com\/index.php?rest_route=\/wp\/v2\/pages\/1501","targetHints":{"allow":["GET"]}}],"collection":[{"href":"https:\/\/tosyaplastik.com\/index.php?rest_route=\/wp\/v2\/pages"}],"about":[{"href":"https:\/\/tosyaplastik.com\/index.php?rest_route=\/wp\/v2\/types\/page"}],"author":[{"embeddable":true,"href":"https:\/\/tosyaplastik.com\/index.php?rest_route=\/wp\/v2\/users\/1"}],"replies":[{"embeddable":true,"href":"https:\/\/tosyaplastik.com\/index.php?rest_route=%2Fwp%2Fv2%2Fcomments&post=1501"}],"version-history":[{"count":7,"href":"https:\/\/tosyaplastik.com\/index.php?rest_route=\/wp\/v2\/pages\/1501\/revisions"}],"predecessor-version":[{"id":1560,"href":"https:\/\/tosyaplastik.com\/index.php?rest_route=\/wp\/v2\/pages\/1501\/revisions\/1560"}],"wp:attachment":[{"href":"https:\/\/tosyaplastik.com\/index.php?rest_route=%2Fwp%2Fv2%2Fmedia&parent=1501"}],"curies":[{"name":"wp","href":"https:\/\/api.w.org\/{rel}","templated":true}]}}