{"id":1489,"date":"2024-08-10T16:03:16","date_gmt":"2024-08-10T13:03:16","guid":{"rendered":"https:\/\/tosyaplastik.com\/?page_id=1489"},"modified":"2024-08-10T16:11:13","modified_gmt":"2024-08-10T13:11:13","slug":"gizlilik","status":"publish","type":"page","link":"https:\/\/tosyaplastik.com\/?page_id=1489","title":{"rendered":"Gizlilik"},"content":{"rendered":"\t\t<div data-elementor-type=\"wp-page\" data-elementor-id=\"1489\" class=\"elementor elementor-1489\">\n\t\t\t\t<div class=\"elementor-element elementor-element-96b8eae e-flex e-con-boxed e-con e-parent\" data-id=\"96b8eae\" data-element_type=\"container\">\n\t\t\t\t\t<div class=\"e-con-inner\">\n\t\t\t\t<div class=\"elementor-element elementor-element-ac0e3ed elementor-widget elementor-widget-heading\" data-id=\"ac0e3ed\" data-element_type=\"widget\" data-widget_type=\"heading.default\">\n\t\t\t\t<div class=\"elementor-widget-container\">\n\t\t\t\t\t<h3 class=\"elementor-heading-title elementor-size-default\">Gizlilik ve G\u00fcvenlik<\/h3>\t\t\t\t<\/div>\n\t\t\t\t<\/div>\n\t\t\t\t\t<\/div>\n\t\t\t\t<\/div>\n\t\t<div class=\"elementor-element elementor-element-2d85133 e-flex e-con-boxed e-con e-parent\" data-id=\"2d85133\" data-element_type=\"container\">\n\t\t\t\t\t<div class=\"e-con-inner\">\n\t\t\t\t<div class=\"elementor-element elementor-element-4392078 elementor-widget elementor-widget-text-editor\" data-id=\"4392078\" data-element_type=\"widget\" data-widget_type=\"text-editor.default\">\n\t\t\t\t<div class=\"elementor-widget-container\">\n\t\t\t\t\t\t\t\t\t<p>Tosya Plastik olarak, <a target=\"_new\" rel=\"noreferrer\">www.tosyaplastik.com<\/a>\u00a0internet sitemizi ziyaret eden kullan\u0131c\u0131lar\u0131m\u0131z\u0131n ki\u015fisel verilerinin korunmas\u0131 bizim i\u00e7in b\u00fcy\u00fck \u00f6nem arz etmektedir. Bu belge, Tosya Plastik\u2019in bilgi g\u00fcvenli\u011fi ve ki\u015fisel veri y\u00f6netimi hususundaki ilkelerini a\u00e7\u0131klamak amac\u0131yla haz\u0131rlanm\u0131\u015ft\u0131r.<\/p><p>Web sitemizdeki t\u00fcm sayfalara ki\u015fisel bilgi vermeksizin eri\u015febilir ve \u00fcr\u00fcn ve hizmetlerimiz hakk\u0131nda detayl\u0131 bilgi alabilirsiniz. Ki\u015fisel verileriniz yaln\u0131zca sizin bilginiz ve onay\u0131n\u0131z do\u011frultusunda toplanmaktad\u0131r. Tosya Plastik taraf\u0131ndan elde edilen bu veriler, y\u00fcksek g\u00fcvenlik standartlar\u0131na uygun olarak ve titizlikle korunarak 100 y\u0131l s\u00fcreyle saklanacakt\u0131r. Bu ba\u011flamda, ki\u015fisel bilgileriniz, sizin a\u00e7\u0131k izniniz veya hukuki bir zorunluluk bulunmad\u0131\u011f\u0131 s\u00fcrece \u00fc\u00e7\u00fcnc\u00fc \u015fah\u0131slarla payla\u015f\u0131lmayacakt\u0131r. Sizlere sitemize \u00fcye olurken olu\u015fturdu\u011funuz \u015fifrelerinizi ba\u015fkalar\u0131yla payla\u015fmaman\u0131z gerekti\u011fini \u00f6nemle vurgulamak isteriz.<\/p><p>E-posta ileti\u015fiminde, mesajlar\u0131n \u015fifrelenmemi\u015f olmas\u0131 durumunda mesaj\u0131n g\u00fcvenli\u011finin garanti edilemeyece\u011fini ve g\u00f6nderdi\u011finiz e-postalar\u0131n g\u00fcvenli\u011finden tamamen sizlerin sorumlu oldu\u011funu hat\u0131rlatmak isteriz.<\/p><p>Web sitemizde, Tosya Plastik taraf\u0131ndan i\u015fletilmeyen d\u0131\u015f sitelere y\u00f6nlendiren ba\u011flant\u0131lar bulunabilir. Bu t\u00fcr ba\u011flant\u0131lar\u0131 takip etmeniz durumunda, y\u00f6nlendirdi\u011finiz web sitelerinin gizlilik ve g\u00fcvenlik politikalar\u0131n\u0131 dikkatlice incelemenizi \u00f6neririz. Tosya Plastik, bu \u00fc\u00e7\u00fcnc\u00fc taraf web sitelerinin gizlilik politikalar\u0131 ve uygulamalar\u0131ndan herhangi bir \u015fekilde sorumlu tutulamaz.<\/p><p>Tosya Plastik, <a target=\"_new\" rel=\"noreferrer\">www.tosyaplastik.com<\/a>\u00a0adresinde yer alan \u00fcr\u00fcn, hizmet, sayfa ve i\u00e7eriklerde herhangi bir \u00f6nceden bildirimde bulunmaks\u0131z\u0131n de\u011fi\u015fiklik yapma hakk\u0131n\u0131 sakl\u0131 tutar.<\/p>\t\t\t\t\t\t\t\t<\/div>\n\t\t\t\t<\/div>\n\t\t\t\t\t<\/div>\n\t\t\t\t<\/div>\n\t\t\t\t<\/div>\n\t\t","protected":false},"excerpt":{"rendered":"<p>Gizlilik ve G\u00fcvenlik Tosya Plastik olarak, www.tosyaplastik.com\u00a0internet sitemizi ziyaret eden kullan\u0131c\u0131lar\u0131m\u0131z\u0131n ki\u015fisel verilerinin korunmas\u0131 bizim i\u00e7in b\u00fcy\u00fck \u00f6nem arz etmektedir. Bu belge, Tosya Plastik\u2019in bilgi g\u00fcvenli\u011fi ve ki\u015fisel veri y\u00f6netimi hususundaki ilkelerini a\u00e7\u0131klamak amac\u0131yla haz\u0131rlanm\u0131\u015ft\u0131r. Web sitemizdeki t\u00fcm sayfalara ki\u015fisel bilgi vermeksizin eri\u015febilir ve \u00fcr\u00fcn ve hizmetlerimiz hakk\u0131nda detayl\u0131 bilgi alabilirsiniz. Ki\u015fisel verileriniz yaln\u0131zca sizin [&hellip;]<\/p>\n","protected":false},"author":1,"featured_media":0,"parent":0,"menu_order":0,"comment_status":"closed","ping_status":"closed","template":"","meta":{"footnotes":""},"class_list":["post-1489","page","type-page","status-publish","hentry"],"blocksy_meta":[],"jetpack_sharing_enabled":true,"_links":{"self":[{"href":"https:\/\/tosyaplastik.com\/index.php?rest_route=\/wp\/v2\/pages\/1489","targetHints":{"allow":["GET"]}}],"collection":[{"href":"https:\/\/tosyaplastik.com\/index.php?rest_route=\/wp\/v2\/pages"}],"about":[{"href":"https:\/\/tosyaplastik.com\/index.php?rest_route=\/wp\/v2\/types\/page"}],"author":[{"embeddable":true,"href":"https:\/\/tosyaplastik.com\/index.php?rest_route=\/wp\/v2\/users\/1"}],"replies":[{"embeddable":true,"href":"https:\/\/tosyaplastik.com\/index.php?rest_route=%2Fwp%2Fv2%2Fcomments&post=1489"}],"version-history":[{"count":9,"href":"https:\/\/tosyaplastik.com\/index.php?rest_route=\/wp\/v2\/pages\/1489\/revisions"}],"predecessor-version":[{"id":1498,"href":"https:\/\/tosyaplastik.com\/index.php?rest_route=\/wp\/v2\/pages\/1489\/revisions\/1498"}],"wp:attachment":[{"href":"https:\/\/tosyaplastik.com\/index.php?rest_route=%2Fwp%2Fv2%2Fmedia&parent=1489"}],"curies":[{"name":"wp","href":"https:\/\/api.w.org\/{rel}","templated":true}]}}