{"id":1326,"date":"2024-08-05T13:51:13","date_gmt":"2024-08-05T10:51:13","guid":{"rendered":"https:\/\/tosyaplastik.com\/?page_id=1326"},"modified":"2024-08-10T16:49:26","modified_gmt":"2024-08-10T13:49:26","slug":"hakkimizda","status":"publish","type":"page","link":"https:\/\/tosyaplastik.com\/?page_id=1326","title":{"rendered":"Hakk\u0131m\u0131zda"},"content":{"rendered":"\t\t<div data-elementor-type=\"wp-page\" data-elementor-id=\"1326\" class=\"elementor elementor-1326\">\n\t\t\t\t<div class=\"elementor-element elementor-element-072483c e-flex e-con-boxed e-con e-parent\" data-id=\"072483c\" data-element_type=\"container\">\n\t\t\t\t\t<div class=\"e-con-inner\">\n\t\t\t\t<div class=\"elementor-element elementor-element-0ef4621 elementor-widget elementor-widget-heading\" data-id=\"0ef4621\" data-element_type=\"widget\" data-widget_type=\"heading.default\">\n\t\t\t\t<div class=\"elementor-widget-container\">\n\t\t\t\t\t<h2 class=\"elementor-heading-title elementor-size-default\">Hakk\u0131m\u0131zda<\/h2>\t\t\t\t<\/div>\n\t\t\t\t<\/div>\n\t\t\t\t\t<\/div>\n\t\t\t\t<\/div>\n\t\t<div class=\"elementor-element elementor-element-2f49505 e-flex e-con-boxed e-con e-parent\" data-id=\"2f49505\" data-element_type=\"container\">\n\t\t\t\t\t<div class=\"e-con-inner\">\n\t\t\t\t<div class=\"elementor-element elementor-element-7034966f elementor-widget elementor-widget-text-editor\" data-id=\"7034966f\" data-element_type=\"widget\" data-widget_type=\"text-editor.default\">\n\t\t\t\t<div class=\"elementor-widget-container\">\n\t\t\t\t\t\t\t\t\t<p><\/p>\n<p>1992 y\u0131l\u0131nda kurulan firmam\u0131z, ticaret hayat\u0131na ba\u015flad\u0131\u011f\u0131 ilk g\u00fcnden itibaren kaliteli malzeme temini ve m\u00fc\u015fteri memnuniyetini \u00f6n planda tutmaktad\u0131r.&nbsp;<\/p>\n<p>1992-1998 y\u0131llar\u0131 aras\u0131nda \u0130stanbul&#8217;un b\u00fcy\u00fck toptanc\u0131 esnaflar\u0131n\u0131n servis a\u011f\u0131na fiilen malzeme temini yaparak sekt\u00f6rde sa\u011flam bir yer edindik.<\/p>\n<p><\/p>\n<p><\/p>\n<p>1998-2020 y\u0131llar\u0131 aras\u0131nda, kendi server a\u011f\u0131m\u0131z arac\u0131l\u0131\u011f\u0131yla \u00c7orum, Amasya, Tokat, \u00c7ank\u0131r\u0131, Bolu, Karab\u00fck ve Kastamonu il ve il\u00e7elerine d\u00fczenli olarak her ay s\u0131cak sat\u0131\u015f malzeme temini sa\u011flad\u0131k. Bu d\u00f6nemde geni\u015fleyen m\u00fc\u015fteri a\u011f\u0131m\u0131z ve artan talepler do\u011frultusunda hizmetlerimizi s\u00fcrekli olarak geli\u015ftirdik.<\/p>\n<p><\/p>\n<p><\/p>\n<p><span style=\"font-family: inherit; font-size: inherit; font-style: inherit; font-variant-ligatures: inherit; font-variant-caps: inherit; font-weight: inherit; text-align: var(--text-align); background-color: var(--theme-palette-color-8); color: var(--theme-text-color); letter-spacing: var(--theme-letter-spacing); text-transform: var(--theme-text-transform);\">2020 y\u0131l\u0131ndan itibaren, Ankara ilindeki \u00f6nde gelen elektrik firmalar\u0131na hizmet vermekteyiz. \u00d6zellikle Canlar Boru, Bores Plastik ve Pozitif Boru gibi sekt\u00f6rde tan\u0131nm\u0131\u015f firmalar i\u00e7in \u00f6zel malzeme imalatlar\u0131 yapmaktay\u0131z. Bu s\u00fcre zarf\u0131nda, kaliteli \u00fcr\u00fcnlerimiz ve m\u00fc\u015fteri odakl\u0131 hizmet anlay\u0131\u015f\u0131m\u0131z sayesinde bu firmalarla g\u00fc\u00e7l\u00fc i\u015f birlikleri kurduk. Bu faaliyetlerimiz halen devam etmekte olup, m\u00fc\u015fterilerimizin ihtiya\u00e7lar\u0131na h\u0131zl\u0131 ve etkin \u00e7\u00f6z\u00fcmler sunmaya devam ediyoruz.<\/span><\/p><p><span style=\"font-family: inherit; font-size: inherit; font-style: inherit; font-variant-ligatures: inherit; font-variant-caps: inherit; font-weight: inherit; text-align: var(--text-align); background-color: var(--theme-palette-color-8); color: var(--theme-text-color); letter-spacing: var(--theme-letter-spacing); text-transform: var(--theme-text-transform);\">Ayr\u0131ca, internet ve web sitemiz arac\u0131l\u0131\u011f\u0131yla T\u00fcrkiye&#8217;nin 81 iline anla\u015fmal\u0131 kargo ve ambar ile malzeme sevkiyatlar\u0131m\u0131z devam etmektedir. T\u00fcm illerimizde, kaliteli malzemelerimiz ve d\u00fcr\u00fcst, ahlakl\u0131 ve g\u00fcvenilir ticaret anlay\u0131\u015f\u0131m\u0131zla s\u00fcrekli m\u00fc\u015fteri potansiyelimiz bulunmaktad\u0131r.<\/span><br><\/p>\n<p><\/p>\n<p><\/p>\n<h4><strong>Misyonumuz<\/strong><\/h4>\n<p><\/p>\n<p><\/p>\n<p>M\u00fc\u015fterilerimize en y\u00fcksek kalitede malzemeleri en uygun fiyatlarla sunmak, sekt\u00f6r\u00fcm\u00fczde g\u00fcvenilir ve sayg\u0131n bir firma olarak kalmak.<\/p>\n<p><\/p>\n<p><\/p>\n<p>S\u00fcrekli geli\u015fim ve yenilik\u00e7i \u00e7\u00f6z\u00fcmlerle m\u00fc\u015fteri memnuniyetini en \u00fcst seviyede tutmak.<\/p>\n<p><\/p>\n<p><\/p>\n<h4><strong>Vizyonumuz<\/strong><\/h4>\n<p><\/p>\n<p><\/p>\n<p>Sekt\u00f6rdeki lider konumumuzu s\u00fcrd\u00fcrerek, ulusal ve uluslararas\u0131 alanda tan\u0131nan ve tercih edilen bir marka olmak.<\/p>\n<p><\/p>\n<p><\/p>\n<p>Teknolojik yenilikleri takip ederek, hizmetlerimizi s\u00fcrekli olarak iyile\u015ftirmek ve geni\u015fletmek.<\/p>\n<p><\/p>\n<p><\/p>\n<h4><strong>De\u011ferlerimiz<\/strong><\/h4>\n<p><\/p>\n<p><\/p>\n<ul class=\"wp-block-list\">\n<li style=\"list-style-type: none;\">\n<ul><\/ul>\n<\/li>\n<\/ul>\n<ul>\n<li style=\"list-style-type: none;\">\n<ul>\n<li><strong>Kalite:<\/strong> \u00dcr\u00fcnlerimizde ve hizmetlerimizde kaliteyi her zaman \u00f6n planda tutar\u0131z.<\/li>\n<\/ul>\n<\/li>\n<\/ul>\n<p><\/p>\n<p><\/p>\n<ul>\n<li style=\"list-style-type: none;\">\n<ul>\n<li><strong>G\u00fcvenilirlik:<\/strong> M\u00fc\u015fterilerimize verdi\u011fimiz s\u00f6zleri tutar, g\u00fcvenilir bir i\u015f orta\u011f\u0131 oluruz.<\/li>\n<\/ul>\n<\/li>\n<\/ul>\n<p><\/p>\n<p><\/p>\n<ul>\n<li style=\"list-style-type: none;\">\n<ul>\n<li><strong>D\u00fcr\u00fcstl\u00fck:<\/strong> Ticaretimizi d\u00fcr\u00fcstl\u00fck ve ahlak kurallar\u0131 \u00e7er\u00e7evesinde y\u00fcr\u00fct\u00fcr\u00fcz.<\/li>\n<\/ul>\n<\/li>\n<\/ul>\n<p><\/p>\n<p><\/p>\n<ul>\n<li style=\"list-style-type: none;\">\n<ul>\n<li><strong>M\u00fc\u015fteri Memnuniyeti:<\/strong> M\u00fc\u015fteri memnuniyetini sa\u011flamak bizim i\u00e7in en \u00f6nemli \u00f6nceliktir.<\/li>\n<\/ul>\n<\/li>\n<\/ul>\n<p><\/p>\n<p><\/p>\n<ul>\n<li style=\"list-style-type: none;\">\n<ul>\n<li><strong>S\u00fcrekli Geli\u015fim:<\/strong> Kendimizi ve hizmetlerimizi s\u00fcrekli olarak geli\u015ftiririz.<\/li>\n<\/ul>\n<\/li>\n<\/ul>\n<p><\/p>\n<p><\/p>\n<p><\/p>\n<p>Firmam\u0131z, ge\u00e7mi\u015ften g\u00fcn\u00fcm\u00fcze getirdi\u011fi tecr\u00fcbe ile sekt\u00f6rdeki yerini korumakta ve m\u00fc\u015fterilerine en iyi hizmeti sunmaktad\u0131r. T\u00fcm m\u00fc\u015fterilerimize te\u015fekk\u00fcr ederiz.<\/p>\n<p><\/p>\n<p><\/p>\n<p><\/p>\t\t\t\t\t\t\t\t<\/div>\n\t\t\t\t<\/div>\n\t\t\t\t\t<\/div>\n\t\t\t\t<\/div>\t\t<\/div>\n\t\t","protected":false},"excerpt":{"rendered":"<p>Hakk\u0131m\u0131zda 1992 y\u0131l\u0131nda kurulan firmam\u0131z, ticaret hayat\u0131na ba\u015flad\u0131\u011f\u0131 ilk g\u00fcnden itibaren kaliteli malzeme temini ve m\u00fc\u015fteri memnuniyetini \u00f6n planda tutmaktad\u0131r.&nbsp; 1992-1998 y\u0131llar\u0131 aras\u0131nda \u0130stanbul&#8217;un b\u00fcy\u00fck toptanc\u0131 esnaflar\u0131n\u0131n servis a\u011f\u0131na fiilen malzeme temini yaparak sekt\u00f6rde sa\u011flam bir yer edindik. 1998-2020 y\u0131llar\u0131 aras\u0131nda, kendi server a\u011f\u0131m\u0131z arac\u0131l\u0131\u011f\u0131yla \u00c7orum, Amasya, Tokat, \u00c7ank\u0131r\u0131, Bolu, Karab\u00fck ve Kastamonu il ve [&hellip;]<\/p>\n","protected":false},"author":1,"featured_media":0,"parent":0,"menu_order":0,"comment_status":"closed","ping_status":"closed","template":"","meta":{"footnotes":""},"class_list":["post-1326","page","type-page","status-publish","hentry"],"blocksy_meta":[],"jetpack_sharing_enabled":true,"_links":{"self":[{"href":"https:\/\/tosyaplastik.com\/index.php?rest_route=\/wp\/v2\/pages\/1326","targetHints":{"allow":["GET"]}}],"collection":[{"href":"https:\/\/tosyaplastik.com\/index.php?rest_route=\/wp\/v2\/pages"}],"about":[{"href":"https:\/\/tosyaplastik.com\/index.php?rest_route=\/wp\/v2\/types\/page"}],"author":[{"embeddable":true,"href":"https:\/\/tosyaplastik.com\/index.php?rest_route=\/wp\/v2\/users\/1"}],"replies":[{"embeddable":true,"href":"https:\/\/tosyaplastik.com\/index.php?rest_route=%2Fwp%2Fv2%2Fcomments&post=1326"}],"version-history":[{"count":9,"href":"https:\/\/tosyaplastik.com\/index.php?rest_route=\/wp\/v2\/pages\/1326\/revisions"}],"predecessor-version":[{"id":1525,"href":"https:\/\/tosyaplastik.com\/index.php?rest_route=\/wp\/v2\/pages\/1326\/revisions\/1525"}],"wp:attachment":[{"href":"https:\/\/tosyaplastik.com\/index.php?rest_route=%2Fwp%2Fv2%2Fmedia&parent=1326"}],"curies":[{"name":"wp","href":"https:\/\/api.w.org\/{rel}","templated":true}]}}